{"id":2608,"date":"2022-04-29T22:07:42","date_gmt":"2022-04-29T20:07:42","guid":{"rendered":"https:\/\/www.postopachrozpravok.sk\/cms\/?page_id=2608"},"modified":"2022-11-28T14:05:51","modified_gmt":"2022-11-28T13:05:51","slug":"vtak-ohnivak","status":"publish","type":"page","link":"https:\/\/www.postopachrozpravok.sk\/cms\/vtak-ohnivak\/","title":{"rendered":"Vt\u00e1k Ohniv\u00e1k"},"content":{"rendered":"<div class=\"brz-root__container brz-reset-all\">\n<section data-uid=\"bhiqpjfcdiketewzvwxcxrwhhtyuusgjytqt\" id=\"bhiqpjfcdiketewzvwxcxrwhhtyuusgjytqt\" class=\"brz-section brz-css-pycho\">\n<div class=\"brz-section__content brz-section--boxed brz-css-qknmk brz-css-bmcch\" data-custom-id=\"epauhzbanqnkdrbcakqdhjwmgvabgyueniau\">\n<div class=\"brz-bg\">\n<div class=\"brz-bg-color\"><\/div>\n<div class=\"brz-bg-shape brz-bg-shape__top\"><\/div>\n<\/div>\n<div class=\"brz-container brz-css-qsvkf\">\n<div class=\"brz-row__container brz-css-hhylt\" data-custom-id=\"pueavifqiisckbretfgbevxyqbwjwduahopy\">\n<div class=\"brz-row brz-css-noagh brz-css-xrhll\">\n<div class=\"brz-columns brz-css-vjkqs\" data-custom-id=\"lbyniisvxfixjfkjhtjarumxrgwgxhqcpjis\">\n<div class=\"brz-column__items brz-css-owuvu\">\n<div class=\"brz-css-bfrqb brz-wrapper\">\n<div class=\"brz-video brz-youtube-video brz-video-on-controls-hidden brz-css-olvii\" data-custom-id=\"iyejorovipbsmgmechdyqftxabkfkalbkgpm\">\n<div class=\"brz-video-content\" data-autoplay=\"off\">\n<div class=\"video-wrapper brz-image-fix-16-9 brz-css-zyiml\">\n<div class=\"brz-video-data brz-hidden\" data-src=\"https:\/\/www.youtube.com\/embed\/XD1L99zOErQ?autoplay=0&amp;controls=1&amp;start=0&amp;end=0&amp;modestbranding=0&amp;wmode=transparent&amp;enablejsapi=1&amp;loop=0&amp;rel=0\" data-population data-controls=\"true\" data-branding=\"true\" data-intro=\"true\" data-start=\"0\" data-end=\"0\" data-loop=\"false\" data-autoplay=\"off\"><\/div>\n<\/div>\n<\/div>\n<\/div>\n<\/div>\n<\/div>\n<\/div>\n<div class=\"brz-columns brz-css-vjkqs\" data-custom-id=\"fdljzesxiiirrcjiucefqbjdhqwhkloyntmh\">\n<div class=\"brz-column__items brz-css-owuvu\">\n<div class=\"brz-css-bfrqb brz-wrapper\">\n<div class=\"brz-rich-text brz-css-tpawo\" data-custom-id=\"votefgglhlnuhkipyyklnbzujbgzgpdeozka\">\n<div>\n<p class=\"brz-css-ohhmd\" data-generated-css=\"brz-css-wsuek\" data-uniq-id=\"ighnp\"><span class=\"brz-cp-color2\" style=\"background-color: transparent\">Vt\u00e1k Ohniv\u00e1k<\/span><\/p>\n<\/div>\n<\/div>\n<\/div>\n<div class=\"brz-css-bfrqb brz-wrapper\">\n<div class=\"brz-rich-text brz-css-tpawo\" data-custom-id=\"hbwdxnuqvdtqdzjzzueohmenmpvjzognzpfx\">\n<div>\n<p class=\"brz-css-gzxpk\" data-generated-css=\"brz-css-xzvzy\" data-uniq-id=\"atkzv\"><span class=\"brz-cp-color2\" style=\"background-color: transparent\">V\u00fdpravn\u00e1 filmov\u00e1 rozpr\u00e1vka na mot\u00edvy klasickej rozpr\u00e1vky bratov Grimmovcov v\u00e1m rozpovie pr\u00edbeh o nebezpe\u010dnej ceste princa Afrona, ktor\u00fd je odhodlan\u00fd zachr\u00e1ni\u0165 milovan\u00fa princezn\u00fa Elenu zo sp\u00e1rov temn\u00e9ho \u010darodejn\u00edka Skeletona. (STV)<\/span><\/p>\n<p class=\"brz-css-fukhv\" data-generated-css=\"brz-css-thdqu\" data-uniq-id=\"ezdwm\"><\/p>\n<\/div>\n<\/div>\n<\/div>\n<\/div>\n<\/div>\n<\/div>\n<\/div>\n<div class=\"brz-css-bfrqb brz-css-gmoxn brz-wrapper\">\n<div class=\"brz-image brz-css-yujvh\"><a class=\"brz-a\" href=\"https:\/\/www.csfd.sk\/film\/9427-vtak-ohnivak\" target=\"_blank\" rel=\"noopener\" data-brz-link-type=\"external\" id data-custom-id=\"knbzxrbhmmhtyhslasxilvezeomxnmpcllmu\"><img class=\"brz-img\" src=\"https:\/\/www.postopachrozpravok.sk\/cms\/wp-content\/uploads\/brizy\/imgs\/logo-red-white-140x42x0x0x140x42x1651224538.png\" alt=\"\" loading=\"lazy\" \/><\/a><\/div>\n<\/div>\n<div class=\"brz-row__container brz-css-hhylt\" data-custom-id=\"ijcqfjkqmrcwtjxbrjewdkqnfxeljhrokilh\">\n<div class=\"brz-row brz-css-noagh\">\n<div class=\"brz-columns brz-css-vjkqs brz-css-toqkf\" data-custom-id=\"tticrrlhlwrngbwkqehmxmpsrtfdzztofbyi\">\n<div class=\"brz-column__items brz-css-owuvu\">\n<div class=\"brz-css-bfrqb brz-css-pztnl brz-wrapper\">\n<div class=\"brz-rich-text brz-css-tpawo\" data-custom-id=\"oqzxnazvnramjhssvwkbrwagdlcperasmcbg\">\n<div>\n<p class=\"brz-css-tvovn\" data-uniq-id=\"eaypi\" data-generated-css=\"brz-css-rtofo\"><strong class=\"brz-cp-color2\" style=\"background-color: transparent\">Rozpr\u00e1vka<\/strong><\/p>\n<p class=\"brz-css-mihjs\" data-uniq-id=\"xqeke\" data-generated-css=\"brz-css-jedgn\"><strong class=\"brz-cp-color2\" style=\"background-color: transparent\">\u010cesko \/ Nemecko, 1997, 86 min (Alternat\u00edvna 92 min)<\/strong><\/p>\n<p class=\"brz-css-sbhrd\" data-uniq-id=\"fhlyu\" data-generated-css=\"brz-css-czcxz\"><span class=\"brz-cp-color2\" style=\"background-color: transparent\">R\u00e9\u017eia: V\u00e1clav Vorl\u00ed\u010dek<\/span><\/p>\n<p class=\"brz-css-vqdnu\" data-uniq-id=\"ibadg\" data-generated-css=\"brz-css-ulpgc\"><span class=\"brz-cp-color2\" style=\"background-color: transparent\">Predloha: Karel Jarom\u00edr Erben (kniha)<\/span><\/p>\n<p class=\"brz-css-mcbio\" data-uniq-id=\"rurkr\" data-generated-css=\"brz-css-wxcaa\"><span class=\"brz-cp-color2\" style=\"background-color: transparent\">Scen\u00e1r: Milo\u0161 Macourek<\/span><\/p>\n<p class=\"brz-css-cfmgr\" data-uniq-id=\"tgxfy\" data-generated-css=\"brz-css-zhewq\"><span class=\"brz-cp-color2\" style=\"background-color: transparent\">Kamera: Rudolf Blah\u00e1\u010dek<\/span><\/p>\n<p class=\"brz-css-xnrue\" data-uniq-id=\"hhjkp\" data-generated-css=\"brz-css-ebvhs\"><span class=\"brz-cp-color2\" style=\"background-color: transparent\">Hudba: Ond\u0159ej Soukup<\/span><\/p>\n<p class=\"brz-css-kneig\" data-uniq-id=\"nxiqn\" data-generated-css=\"brz-css-tvdgv\"><span class=\"brz-cp-color2\" style=\"background-color: transparent\">Hraj\u00fa: Tina Ruland, Manou Lubowski, Horst Buchholz, Karel Roden, Mari\u00e1n Labuda st., Ji\u0159ina Bohdalov\u00e1, Ji\u0159\u00ed Langmajer, Martin Zounar, Jozef Adamovi\u010d, Lubom\u00edr Kostelka, Barbora Leichnerov\u00e1, Karel H\u00e1bl, Mahulena Bo\u010danov\u00e1, Ond\u0159ej Brousek, Jan Hrab\u011bta, Ji\u0159\u00ed Tomek, Ji\u0159\u00ed Jurka, Jozef D\u00f3czy, Dana Ko\u0161ick\u00e1, Miroslav Ko\u0161ick\u00fd, Frank R\u00f6th, Benedikt Weber, Bruni L\u00f6bel, Kai Taschner, Mogens von Gadow<\/span><\/p>\n<p class=\"brz-css-ffmjz\" data-uniq-id=\"yblmj\" data-generated-css=\"brz-css-kyxbc\"><span class=\"brz-cp-color2\" style=\"background-color: transparent\">Produkcia: Rudolf Biermann, Karel Dirka<\/span><\/p>\n<p class=\"brz-css-kkswm\" data-uniq-id=\"heemv\" data-generated-css=\"brz-css-ndbuf\"><span class=\"brz-cp-color2\" style=\"background-color: transparent\">Strih: Dalibor Lipsk\u00fd<\/span><\/p>\n<p class=\"brz-css-oyiuu\" data-uniq-id=\"fmlgk\" data-generated-css=\"brz-css-lojla\"><span class=\"brz-cp-color2\" style=\"background-color: transparent\">Zvuk: Ji\u0159\u00ed K\u0159\u00ed\u017e<\/span><\/p>\n<p class=\"brz-css-zgouh\" data-uniq-id=\"bondq\" data-generated-css=\"brz-css-udnpt\"><span class=\"brz-cp-color2\" style=\"background-color: transparent\">Sc\u00e9nografia: Franti\u0161ek Lipt\u00e1k<\/span><\/p>\n<p class=\"brz-css-mgfli\" data-uniq-id=\"ysltb\" data-generated-css=\"brz-css-skbsd\"><span class=\"brz-cp-color2\" style=\"background-color: transparent\">Masky: Tom\u00e1\u0161 Kuchta<\/span><\/p>\n<p class=\"brz-css-fyvnv\" data-uniq-id=\"oqzyy\" data-generated-css=\"brz-css-pmsyv\"><span class=\"brz-cp-color2\" style=\"background-color: transparent\">Kost\u00fdmy: Milan \u010corba<\/span><\/p>\n<\/div>\n<\/div>\n<\/div>\n<\/div>\n<\/div>\n<\/div>\n<\/div>\n<\/div>\n<\/div>\n<\/section>\n<section data-uid=\"yjamcadsgubvzzhibhfublmvvassxsdrnplq\" id=\"yjamcadsgubvzzhibhfublmvvassxsdrnplq\" class=\"brz-section brz-css-pycho\">\n<div class=\"brz-section__content brz-section--boxed brz-css-qknmk brz-css-qzuwx\" data-custom-id=\"fayqoaltfbpucyenuzmxqilvrfyqxzpoqbra\">\n<div class=\"brz-bg\">\n<div class=\"brz-bg-color\"><\/div>\n<\/div>\n<div class=\"brz-container brz-css-qsvkf\">\n<div class=\"brz-css-bfrqb brz-css-xwqvk brz-wrapper\">\n<div class=\"brz-spacer brz-css-jfbrj\"><\/div>\n<\/div>\n<div class=\"brz-row__container brz-css-hhylt\" data-custom-id=\"emqqfbmwbghdexkyyeoboaqpkkfefdedzyto\">\n<div class=\"brz-row brz-css-noagh\">\n<div class=\"brz-columns brz-css-vjkqs brz-css-urdfn\" data-custom-id=\"dogdzalwdoawypbunugqiglisdtymuqgylin\">\n<div class=\"brz-column__items brz-css-owuvu\">\n<div class=\"brz-css-bfrqb brz-wrapper\">\n<div class=\"brz-line brz-css-sjwsx brz-css-eowdk\" data-custom-id=\"mtxcyvrxitnxivfkwcnfkgjghwslfbpatolq\">\n<hr class=\"brz-hr\" \/><\/div>\n<\/div>\n<\/div>\n<\/div>\n<\/div>\n<\/div>\n<div class=\"brz-row__container brz-css-hhylt\" data-custom-id=\"jznnxftlbybqvvihmolgwxblhwgmrrtzrttt\">\n<div class=\"brz-row brz-css-noagh\">\n<div class=\"brz-columns brz-css-vjkqs brz-css-qcdai\" data-custom-id=\"hsqmetipddygeajsgmbbflivomfymnpeuowv\">\n<div class=\"brz-column__items brz-css-owuvu\">\n<div class=\"brz-wrapper-clone brz-css-gajih\">\n<div class=\"brz-d-xs-flex brz-flex-xs-wrap brz-css-dzxff\">\n<div class=\"brz-wrapper-clone__item brz-css-kfvkg\" id=\"zsdejfspngaodrvheucrtscgzjcgxhdkbnir\"><a class=\"brz-a brz-btn brz-css-mablt\" href=\"https:\/\/www.youtube.com\/watch?v=XD1L99zOErQ\" target=\"_blank\" rel=\"noopener\" data-brz-link-type=\"external\" id data-custom-id=\"zsdejfspngaodrvheucrtscgzjcgxhdkbnir\"><span class=\"brz-span brz-text__editor\">Sledujte na YOUTUBE<\/span><\/a><\/div>\n<\/div>\n<\/div>\n<\/div>\n<\/div>\n<\/div>\n<\/div>\n<\/div>\n<\/div>\n<\/section>\n<section data-uid=\"tfwiuajzenxuylpzpuuzewsovzghtbihiqzj\" id=\"tfwiuajzenxuylpzpuuzewsovzghtbihiqzj\" class=\"brz-section brz-css-pycho\">\n<div class=\"brz-section__content brz-section--fullWidth brz-css-qknmk brz-css-prbew\" data-custom-id=\"hosioujeubikrargtkzqgtzybvsltppkajpu\">\n<div class=\"brz-bg\">\n<div class=\"brz-bg-color\"><\/div>\n<\/div>\n<div class=\"brz-container brz-css-qsvkf brz-css-syusy\">\n<div class=\"brz-row__container brz-css-hhylt\" data-custom-id=\"ipmewuepgfejpytiizddhaowpzdrcjgwzqgh\">\n<div class=\"brz-row brz-css-noagh brz-css-xrhll\">\n<div class=\"brz-columns brz-css-vjkqs brz-css-qxyss\" data-custom-id=\"xslifhprfklckefneaeheiiqjvuxpqfqtims\">\n<div class=\"brz-column__items brz-css-owuvu\">\n<div class=\"brz-row__container brz-css-hhylt\" data-custom-id=\"niqqyqzzidpfyxohaluazcwsydpbjwweiulg\">\n<div class=\"brz-row brz-row--inner brz-css-noagh brz-css-xrhll\">\n<div class=\"brz-columns brz-css-vjkqs brz-css-ilbeh\" data-custom-id=\"eyexhcckvsjzqvpmdewpyvkmqpimoewcfjnt\">\n<div class=\"brz-column__items brz-css-owuvu brz-css-xffnd\">\n<div class=\"brz-css-bfrqb brz-css-ihajx brz-wrapper\">\n<div class=\"brz-image brz-css-tsdhp\"><img class=\"brz-img\" src=\"https:\/\/www.postopachrozpravok.sk\/cms\/wp-content\/uploads\/brizy\/imgs\/stopy-biele-copy-242x220x0x0x242x219x1651158110.png\" alt=\"\" loading=\"lazy\" \/><\/div>\n<\/div>\n<\/div>\n<\/div>\n<div class=\"brz-columns brz-css-vjkqs brz-css-kifvo\" data-custom-id=\"iedmprupuyosasakakgdcdthinjotwrarvgy\">\n<div class=\"brz-column__items brz-css-owuvu brz-css-cgrsf\">\n<div class=\"brz-css-bfrqb brz-wrapper\">\n<div class=\"brz-rich-text brz-css-tpawo\" data-custom-id=\"tyxtxsxhcevoybnmyqkhocybadljoaqwnvei\">\n<div>\n<p class=\"brz-css-pseoy\" data-uniq-id=\"lfrcr\" data-generated-css=\"brz-css-yulxe\"><span class=\"brz-cp-color7\">Oblastn\u00e1 organiz\u00e1cia cestovn\u00e9ho ruchu Regi\u00f3n HORN\u00c1 NITRA \u2013 BOJNICE<\/span><\/p>\n<p class=\"brz-css-dauby\" data-uniq-id=\"oxlmn\" data-generated-css=\"brz-css-elacq\"><span class=\"brz-cp-color7\">Sl\u00e1dkovi\u010dova ul. 210\/50, 972 01 BOJNICE<\/span><\/p>\n<\/div>\n<\/div>\n<\/div>\n<\/div>\n<\/div>\n<div class=\"brz-columns brz-css-vjkqs brz-css-jtsag\" data-custom-id=\"ipmftjerbatihukcualprtrkicublaeslbmx\">\n<div class=\"brz-column__items brz-css-owuvu\">\n<div class=\"brz-css-bfrqb brz-wrapper\">\n<div class=\"brz-rich-text brz-css-tpawo\" data-custom-id=\"gbhfhkfqkdpxvaqshwvoedgasuvjnoiyuann\">\n<div>\n<p class=\"brz-css-zbtzw\" data-uniq-id=\"xrktq\" data-generated-css=\"brz-css-fodvv\"><span class=\"brz-cp-color7\">+421 915 701 205<\/span><\/p>\n<p class=\"brz-css-kidqq\" data-uniq-id=\"cweaw\" data-generated-css=\"brz-css-trwbk\"><span class=\"brz-cp-color7\"> info@bojnice.eu<\/span><\/p>\n<\/div>\n<\/div>\n<\/div>\n<\/div>\n<\/div>\n<\/div>\n<\/div>\n<\/div>\n<\/div>\n<\/div>\n<\/div>\n<div class=\"brz-row__container brz-css-hhylt\" data-custom-id=\"ccolmcucsurytmboklgptouqmdodtwxdaeml\">\n<div class=\"brz-row brz-css-noagh brz-css-xrhll\">\n<div class=\"brz-columns brz-css-vjkqs brz-css-khiix\" data-custom-id=\"dziwotevndlwmriftezffpeizfrykirpphmj\">\n<div class=\"brz-column__items brz-css-owuvu\">\n<div class=\"brz-css-bfrqb brz-wrapper\">\n<div class=\"brz-rich-text brz-css-tpawo\" data-custom-id=\"ahcvmwhlgnrqrogzrgwwceyoneuetfitbeya\">\n<div>\n<p class=\"brz-css-tootr\" data-uniq-id=\"bmjts\" data-generated-css=\"brz-css-cruno\"><span class=\"brz-cp-color6\">Projekt &#8222;Po stop\u00e1ch rozpr\u00e1vok&#8220; bol zrealizovan\u00fd s finan\u010dnou podporou Ministerstva dopravy a v\u00fdstavby SR.<\/span><\/p>\n<p class=\"brz-css-tpfjw\" data-uniq-id=\"bmjts\" data-generated-css=\"brz-css-cruno\"><span class=\"brz-cp-color6\"><span class=\"ql-cursor\">\ufeff<\/span>\u00a9 copyright 2021 OOCR Regi\u00f3n HORN\u00c1 NITRA \u2013 BOJNICE<\/span><\/p>\n<\/div>\n<\/div>\n<\/div>\n<\/div>\n<\/div>\n<\/div>\n<\/div>\n<\/div>\n<\/div>\n<\/section>\n<\/div>\n<p><!-- version:1669640751 --><\/p>\n","protected":false},"excerpt":{"rendered":"<p>Vt\u00e1k Ohniv\u00e1k V\u00fdpravn\u00e1 filmov\u00e1 rozpr\u00e1vka na mot\u00edvy klasickej rozpr\u00e1vky bratov Grimmovcov v\u00e1m rozpovie pr\u00edbeh o nebezpe\u010dnej ceste princa Afrona, ktor\u00fd je odhodlan\u00fd zachr\u00e1ni\u0165 milovan\u00fa princezn\u00fa Elenu zo sp\u00e1rov temn\u00e9ho \u010darodejn\u00edka Skeletona. (STV) Rozpr\u00e1vka \u010cesko \/ Nemecko, 1997, 86 min (Alternat\u00edvna 92 min) R\u00e9\u017eia: V\u00e1clav Vorl\u00ed\u010dek Predloha: Karel Jarom\u00edr Erben (kniha) Scen\u00e1r: Milo\u0161 Macourek Kamera: Rudolf [&hellip;]<\/p>\n","protected":false},"author":1,"featured_media":0,"parent":0,"menu_order":0,"comment_status":"closed","ping_status":"closed","template":"brizy-blank-template.php","meta":{"_monsterinsights_skip_tracking":false,"_monsterinsights_sitenote_active":false,"_monsterinsights_sitenote_note":"","_monsterinsights_sitenote_category":0},"yoast_head":"<!-- This site is optimized with the Yoast SEO plugin v18.5.1 - https:\/\/yoast.com\/wordpress\/plugins\/seo\/ -->\n<title>Vt\u00e1k Ohniv\u00e1k - Po stop\u00e1ch rozpr\u00e1vok<\/title>\n<meta name=\"robots\" content=\"index, follow, max-snippet:-1, max-image-preview:large, max-video-preview:-1\" \/>\n<link rel=\"canonical\" href=\"https:\/\/www.postopachrozpravok.sk\/cms\/vtak-ohnivak\/\" \/>\n<meta property=\"og:locale\" content=\"sk_SK\" \/>\n<meta property=\"og:type\" content=\"article\" \/>\n<meta property=\"og:title\" content=\"Vt\u00e1k Ohniv\u00e1k - Po stop\u00e1ch rozpr\u00e1vok\" \/>\n<meta property=\"og:description\" content=\"Vt\u00e1k Ohniv\u00e1k V\u00fdpravn\u00e1 filmov\u00e1 rozpr\u00e1vka na mot\u00edvy klasickej rozpr\u00e1vky bratov Grimmovcov v\u00e1m rozpovie pr\u00edbeh o nebezpe\u010dnej ceste princa Afrona, ktor\u00fd je odhodlan\u00fd zachr\u00e1ni\u0165 milovan\u00fa princezn\u00fa Elenu zo sp\u00e1rov temn\u00e9ho \u010darodejn\u00edka Skeletona. (STV) Rozpr\u00e1vka \u010cesko \/ Nemecko, 1997, 86 min (Alternat\u00edvna 92 min) R\u00e9\u017eia: V\u00e1clav Vorl\u00ed\u010dek Predloha: Karel Jarom\u00edr Erben (kniha) Scen\u00e1r: Milo\u0161 Macourek Kamera: Rudolf [&hellip;]\" \/>\n<meta property=\"og:url\" content=\"https:\/\/www.postopachrozpravok.sk\/cms\/vtak-ohnivak\/\" \/>\n<meta property=\"og:site_name\" content=\"Po stop\u00e1ch rozpr\u00e1vok\" \/>\n<meta property=\"article:modified_time\" content=\"2022-11-28T13:05:51+00:00\" \/>\n<meta property=\"og:image\" content=\"https:\/\/www.postopachrozpravok.sk\/cms\/wp-content\/uploads\/brizy\/imgs\/logo-red-white-140x42x0x0x140x42x1651224538.png\" \/>\n<meta name=\"twitter:card\" content=\"summary_large_image\" \/>\n<script type=\"application\/ld+json\" class=\"yoast-schema-graph\">{\"@context\":\"https:\/\/schema.org\",\"@graph\":[{\"@type\":\"WebSite\",\"@id\":\"https:\/\/www.postopachrozpravok.sk\/cms\/#website\",\"url\":\"https:\/\/www.postopachrozpravok.sk\/cms\/\",\"name\":\"Po stop\u00e1ch rozpr\u00e1vok\",\"description\":\"vydajte sa po stop\u00e1ch rodinn\u00fdch filmov a rozpr\u00e1vok v Bojniciach a ich okol\u00ed!\",\"potentialAction\":[{\"@type\":\"SearchAction\",\"target\":{\"@type\":\"EntryPoint\",\"urlTemplate\":\"https:\/\/www.postopachrozpravok.sk\/cms\/?s={search_term_string}\"},\"query-input\":\"required name=search_term_string\"}],\"inLanguage\":\"sk-SK\"},{\"@type\":\"ImageObject\",\"@id\":\"https:\/\/www.postopachrozpravok.sk\/cms\/vtak-ohnivak\/#primaryimage\",\"inLanguage\":\"sk-SK\",\"url\":\"https:\/\/www.postopachrozpravok.sk\/cms\/wp-content\/uploads\/brizy\/imgs\/logo-red-white-140x42x0x0x140x42x1651224538.png\",\"contentUrl\":\"https:\/\/www.postopachrozpravok.sk\/cms\/wp-content\/uploads\/brizy\/imgs\/logo-red-white-140x42x0x0x140x42x1651224538.png\"},{\"@type\":\"WebPage\",\"@id\":\"https:\/\/www.postopachrozpravok.sk\/cms\/vtak-ohnivak\/#webpage\",\"url\":\"https:\/\/www.postopachrozpravok.sk\/cms\/vtak-ohnivak\/\",\"name\":\"Vt\u00e1k Ohniv\u00e1k - Po stop\u00e1ch rozpr\u00e1vok\",\"isPartOf\":{\"@id\":\"https:\/\/www.postopachrozpravok.sk\/cms\/#website\"},\"primaryImageOfPage\":{\"@id\":\"https:\/\/www.postopachrozpravok.sk\/cms\/vtak-ohnivak\/#primaryimage\"},\"datePublished\":\"2022-04-29T20:07:42+00:00\",\"dateModified\":\"2022-11-28T13:05:51+00:00\",\"breadcrumb\":{\"@id\":\"https:\/\/www.postopachrozpravok.sk\/cms\/vtak-ohnivak\/#breadcrumb\"},\"inLanguage\":\"sk-SK\",\"potentialAction\":[{\"@type\":\"ReadAction\",\"target\":[\"https:\/\/www.postopachrozpravok.sk\/cms\/vtak-ohnivak\/\"]}]},{\"@type\":\"BreadcrumbList\",\"@id\":\"https:\/\/www.postopachrozpravok.sk\/cms\/vtak-ohnivak\/#breadcrumb\",\"itemListElement\":[{\"@type\":\"ListItem\",\"position\":1,\"name\":\"Home\",\"item\":\"https:\/\/www.postopachrozpravok.sk\/cms\/\"},{\"@type\":\"ListItem\",\"position\":2,\"name\":\"Vt\u00e1k Ohniv\u00e1k\"}]}]}<\/script>\n<!-- \/ Yoast SEO plugin. -->","yoast_head_json":{"title":"Vt\u00e1k Ohniv\u00e1k - Po stop\u00e1ch rozpr\u00e1vok","robots":{"index":"index","follow":"follow","max-snippet":"max-snippet:-1","max-image-preview":"max-image-preview:large","max-video-preview":"max-video-preview:-1"},"canonical":"https:\/\/www.postopachrozpravok.sk\/cms\/vtak-ohnivak\/","og_locale":"sk_SK","og_type":"article","og_title":"Vt\u00e1k Ohniv\u00e1k - Po stop\u00e1ch rozpr\u00e1vok","og_description":"Vt\u00e1k Ohniv\u00e1k V\u00fdpravn\u00e1 filmov\u00e1 rozpr\u00e1vka na mot\u00edvy klasickej rozpr\u00e1vky bratov Grimmovcov v\u00e1m rozpovie pr\u00edbeh o nebezpe\u010dnej ceste princa Afrona, ktor\u00fd je odhodlan\u00fd zachr\u00e1ni\u0165 milovan\u00fa princezn\u00fa Elenu zo sp\u00e1rov temn\u00e9ho \u010darodejn\u00edka Skeletona. (STV) Rozpr\u00e1vka \u010cesko \/ Nemecko, 1997, 86 min (Alternat\u00edvna 92 min) R\u00e9\u017eia: V\u00e1clav Vorl\u00ed\u010dek Predloha: Karel Jarom\u00edr Erben (kniha) Scen\u00e1r: Milo\u0161 Macourek Kamera: Rudolf [&hellip;]","og_url":"https:\/\/www.postopachrozpravok.sk\/cms\/vtak-ohnivak\/","og_site_name":"Po stop\u00e1ch rozpr\u00e1vok","article_modified_time":"2022-11-28T13:05:51+00:00","og_image":[{"url":"https:\/\/www.postopachrozpravok.sk\/cms\/wp-content\/uploads\/brizy\/imgs\/logo-red-white-140x42x0x0x140x42x1651224538.png"}],"twitter_card":"summary_large_image","schema":{"@context":"https:\/\/schema.org","@graph":[{"@type":"WebSite","@id":"https:\/\/www.postopachrozpravok.sk\/cms\/#website","url":"https:\/\/www.postopachrozpravok.sk\/cms\/","name":"Po stop\u00e1ch rozpr\u00e1vok","description":"vydajte sa po stop\u00e1ch rodinn\u00fdch filmov a rozpr\u00e1vok v Bojniciach a ich okol\u00ed!","potentialAction":[{"@type":"SearchAction","target":{"@type":"EntryPoint","urlTemplate":"https:\/\/www.postopachrozpravok.sk\/cms\/?s={search_term_string}"},"query-input":"required name=search_term_string"}],"inLanguage":"sk-SK"},{"@type":"ImageObject","@id":"https:\/\/www.postopachrozpravok.sk\/cms\/vtak-ohnivak\/#primaryimage","inLanguage":"sk-SK","url":"https:\/\/www.postopachrozpravok.sk\/cms\/wp-content\/uploads\/brizy\/imgs\/logo-red-white-140x42x0x0x140x42x1651224538.png","contentUrl":"https:\/\/www.postopachrozpravok.sk\/cms\/wp-content\/uploads\/brizy\/imgs\/logo-red-white-140x42x0x0x140x42x1651224538.png"},{"@type":"WebPage","@id":"https:\/\/www.postopachrozpravok.sk\/cms\/vtak-ohnivak\/#webpage","url":"https:\/\/www.postopachrozpravok.sk\/cms\/vtak-ohnivak\/","name":"Vt\u00e1k Ohniv\u00e1k - Po stop\u00e1ch rozpr\u00e1vok","isPartOf":{"@id":"https:\/\/www.postopachrozpravok.sk\/cms\/#website"},"primaryImageOfPage":{"@id":"https:\/\/www.postopachrozpravok.sk\/cms\/vtak-ohnivak\/#primaryimage"},"datePublished":"2022-04-29T20:07:42+00:00","dateModified":"2022-11-28T13:05:51+00:00","breadcrumb":{"@id":"https:\/\/www.postopachrozpravok.sk\/cms\/vtak-ohnivak\/#breadcrumb"},"inLanguage":"sk-SK","potentialAction":[{"@type":"ReadAction","target":["https:\/\/www.postopachrozpravok.sk\/cms\/vtak-ohnivak\/"]}]},{"@type":"BreadcrumbList","@id":"https:\/\/www.postopachrozpravok.sk\/cms\/vtak-ohnivak\/#breadcrumb","itemListElement":[{"@type":"ListItem","position":1,"name":"Home","item":"https:\/\/www.postopachrozpravok.sk\/cms\/"},{"@type":"ListItem","position":2,"name":"Vt\u00e1k Ohniv\u00e1k"}]}]}},"_links":{"self":[{"href":"https:\/\/www.postopachrozpravok.sk\/cms\/wp-json\/wp\/v2\/pages\/2608"}],"collection":[{"href":"https:\/\/www.postopachrozpravok.sk\/cms\/wp-json\/wp\/v2\/pages"}],"about":[{"href":"https:\/\/www.postopachrozpravok.sk\/cms\/wp-json\/wp\/v2\/types\/page"}],"author":[{"embeddable":true,"href":"https:\/\/www.postopachrozpravok.sk\/cms\/wp-json\/wp\/v2\/users\/1"}],"replies":[{"embeddable":true,"href":"https:\/\/www.postopachrozpravok.sk\/cms\/wp-json\/wp\/v2\/comments?post=2608"}],"version-history":[{"count":6,"href":"https:\/\/www.postopachrozpravok.sk\/cms\/wp-json\/wp\/v2\/pages\/2608\/revisions"}],"predecessor-version":[{"id":3635,"href":"https:\/\/www.postopachrozpravok.sk\/cms\/wp-json\/wp\/v2\/pages\/2608\/revisions\/3635"}],"wp:attachment":[{"href":"https:\/\/www.postopachrozpravok.sk\/cms\/wp-json\/wp\/v2\/media?parent=2608"}],"curies":[{"name":"wp","href":"https:\/\/api.w.org\/{rel}","templated":true}]}}