{"id":2725,"date":"2022-04-29T22:27:12","date_gmt":"2022-04-29T20:27:12","guid":{"rendered":"https:\/\/www.postopachrozpravok.sk\/cms\/?page_id=2725"},"modified":"2022-11-28T14:01:44","modified_gmt":"2022-11-28T13:01:44","slug":"svet-bez-konca","status":"publish","type":"page","link":"https:\/\/www.postopachrozpravok.sk\/cms\/svet-bez-konca\/","title":{"rendered":"Svet bez konca"},"content":{"rendered":"<div class=\"brz-root__container brz-reset-all\">\n<section data-uid=\"bhiqpjfcdiketewzvwxcxrwhhtyuusgjytqt\" id=\"bhiqpjfcdiketewzvwxcxrwhhtyuusgjytqt\" class=\"brz-section brz-css-tdqdm\">\n<div class=\"brz-section__content brz-section--boxed brz-css-mtbbl brz-css-kzyqn\" data-custom-id=\"epauhzbanqnkdrbcakqdhjwmgvabgyueniau\">\n<div class=\"brz-bg\">\n<div class=\"brz-bg-color\"><\/div>\n<div class=\"brz-bg-shape brz-bg-shape__top\"><\/div>\n<\/div>\n<div class=\"brz-container brz-css-rwcsp\">\n<div class=\"brz-row__container brz-css-dgqjr\" data-custom-id=\"pueavifqiisckbretfgbevxyqbwjwduahopy\">\n<div class=\"brz-row brz-css-aavvl brz-css-lxgmn\">\n<div class=\"brz-columns brz-css-xbhjt brz-css-twyyz\" data-custom-id=\"lbyniisvxfixjfkjhtjarumxrgwgxhqcpjis\">\n<div class=\"brz-column__items brz-css-axiok\">\n<div class=\"brz-css-jpgce brz-css-yrbrx brz-wrapper\">\n<div class=\"brz-image brz-css-cnqzh\"><img class=\"brz-img\" src=\"https:\/\/www.postopachrozpravok.sk\/cms\/wp-content\/uploads\/brizy\/imgs\/Snimka-obrazovky-2022-04-29-223426-788x405x117x0x555x405x1651264576.jpg\" alt=\"\" loading=\"lazy\" \/><\/div>\n<\/div>\n<div class=\"brz-css-jpgce brz-css-iqyoi brz-wrapper\">\n<div class=\"brz-image brz-css-gmbnp\"><img class=\"brz-img\" src=\"https:\/\/www.postopachrozpravok.sk\/cms\/wp-content\/uploads\/brizy\/imgs\/Snimka-obrazovky-2022-04-29-223529-802x405x123x0x555x405x1651264573.jpg\" alt=\"\" loading=\"lazy\" \/><\/div>\n<\/div>\n<div class=\"brz-css-jpgce brz-css-lasyj brz-wrapper\">\n<div class=\"brz-image brz-css-veeir\"><img class=\"brz-img\" src=\"https:\/\/www.postopachrozpravok.sk\/cms\/wp-content\/uploads\/brizy\/imgs\/Snimka-obrazovky-2022-04-29-223500-787x405x116x0x555x405x1651264571.jpg\" alt=\"\" loading=\"lazy\" \/><\/div>\n<\/div>\n<\/div>\n<\/div>\n<div class=\"brz-columns brz-css-xbhjt brz-css-lijou\" data-custom-id=\"fdljzesxiiirrcjiucefqbjdhqwhkloyntmh\">\n<div class=\"brz-column__items brz-css-axiok\">\n<div class=\"brz-css-jpgce brz-wrapper\">\n<div class=\"brz-rich-text brz-css-ncval\" data-custom-id=\"votefgglhlnuhkipyyklnbzujbgzgpdeozka\">\n<div>\n<p class=\"brz-css-ywtgp\" data-generated-css=\"brz-css-pvjei\" data-uniq-id=\"ubuaa\"><span class=\"brz-cp-color2\">Svet bez konca<\/span><\/p>\n<\/div>\n<\/div>\n<\/div>\n<div class=\"brz-css-jpgce brz-wrapper\">\n<div class=\"brz-rich-text brz-css-ncval\" data-custom-id=\"hbwdxnuqvdtqdzjzzueohmenmpvjzognzpfx\">\n<div>\n<p class=\"brz-css-zfntw\" data-generated-css=\"brz-css-kojlt\" data-uniq-id=\"eucqs\"><span class=\"brz-cp-color2\" style=\"background-color: transparent\">Za\u010d\u00e1tek stolet\u00e9 v\u00e1lky i doba \u010dern\u00e9 smrti ve st\u00ednu pil\u00ed\u0159\u016f zem\u011b. V\u00fdpravn\u00e1 britsko-n\u011bmeck\u00e1 adaptace sv\u011btov\u00e9ho kni\u017en\u00edho bestselleru Kena Folletta.<\/span><\/p>\n<p class=\"brz-css-qiigk\" data-generated-css=\"brz-css-hgqpr\" data-uniq-id=\"mdahi\"><span class=\"brz-cp-color2\" style=\"background-color: transparent\">V roce 2010 vznikla v britsko-n\u011bmecko-kanadsk\u00e9 koprodukci adaptace kni\u017en\u00edho bestselleru Kena Folletta Pil\u00ed\u0159e zem\u011b. Osmid\u00edln\u00fd projekt l\u00e1kal div\u00e1ky na v\u00fdpravn\u00fd obraz st\u0159edov\u011bku, kde se na pozad\u00ed stavby katedr\u00e1ly rozv\u00edjely l\u00e1sky, pletichy, nad\u011bje i zloba postav nap\u0159\u00ed\u010d v\u0161emi vrstvami dobov\u00e9 spole\u010dnosti. Seri\u00e1l se d\u00edky atraktivn\u00edmu zpracov\u00e1n\u00ed do\u010dkal voln\u00e9ho pokra\u010dov\u00e1n\u00ed, konkr\u00e9tn\u011b v podob\u011b adaptace Follettovy knihy Na v\u011bky v\u011bk\u016f, kter\u00e1 sama vznikla na z\u00e1klad\u011b \u00fasp\u011bchu kni\u017en\u00edch Pil\u00ed\u0159\u016f zem\u011b.<\/span><\/p>\n<p class=\"brz-css-rsbja\" data-generated-css=\"brz-css-hgqpr\" data-uniq-id=\"mdahi\"><span class=\"brz-cp-color2\" style=\"background-color: transparent\">Nov\u00e9 vypr\u00e1v\u011bn\u00ed se sice odehr\u00e1v\u00e1 op\u011bt ve m\u011bst\u011b Kingsbridge, ale o 150 let po p\u0159edchoz\u00edch ud\u00e1lostech. V polovin\u011b 14. stolet\u00ed se Anglie ocit\u00e1 na prahu stolet\u00e9 v\u00e1lky, ale sou\u010dasn\u011b ji \u010dek\u00e1 hr\u016fza \u010dern\u00e9 smrti. Nicm\u00e9n\u011b morov\u00e1 epidemie, je\u017e si vy\u017e\u00e1dala tis\u00edce \u017eivot\u016f, nep\u0159\u00edmo zap\u0159\u00ed\u010dinila tak\u00e9 z\u00e1sadn\u00ed prom\u011bny v dobov\u00e9 spole\u010dnosti, kter\u00e9 p\u0159ipravily p\u016fdu pro renesanci.<\/span><\/p>\n<p class=\"brz-css-stipr\" data-generated-css=\"brz-css-hgqpr\" data-uniq-id=\"mdahi\"><span class=\"brz-cp-color2\" style=\"background-color: transparent\">Do tohoto dobov\u00e9ho r\u00e1mce je op\u011bt zasazeno vypr\u00e1v\u011bn\u00ed, kde se prot\u00ednaj\u00ed osudy, l\u00e1sky i krut\u00e9 pletichy postav ze v\u0161ech vrstev tehdej\u0161\u00ed spole\u010dnosti \u2013 od roln\u00edk\u016f a \u0159emesln\u00edk\u016f p\u0159es z\u00e1stupce c\u00edrkve a\u017e po \u0161lechtice i kr\u00e1le. Projekt op\u011bt iniciovala n\u011bmeck\u00e1 spole\u010dnost Tandem Communications, kter\u00e1 se specializuje na v\u00fdpravn\u00e9 televizn\u00ed projekty a adaptace bestseller\u016f jako The Company, Titanic: krev a ocel, Kr\u00e1lovstv\u00ed prstenu, H\u00e1d\u016fv faktor \u010di Vesm\u00edrn\u00e1 exploze.<\/span><\/p>\n<p class=\"brz-css-metlu\" data-generated-css=\"brz-css-hgqpr\" data-uniq-id=\"mdahi\"><span class=\"brz-cp-color2\" style=\"background-color: transparent\">Do koprodukce nat\u00e1\u010den\u00e9 v Ma\u010farsku a na Slovensku tak\u00e9 vstoupila kanadsk\u00e1 firma Take 5 Productions a britsko-americk\u00e1 spole\u010dnost Scott Free Films, jej\u00edmi\u017e zakladateli jsou slavn\u00ed re\u017eis\u00e9\u0159i hollywoodsk\u00fdch blockbuster\u016f Ridley a Tony Scottovi.<\/span><\/p>\n<p class=\"brz-css-ojzve\" data-generated-css=\"brz-css-hgqpr\" data-uniq-id=\"mdahi\"><span class=\"brz-cp-color2\" style=\"background-color: transparent\">Hlavn\u00edch i vedlej\u0161\u00edch rol\u00ed se zhostili za\u010d\u00ednaj\u00edc\u00ed i mezin\u00e1rodn\u011b zn\u00e1m\u00ed herci z Anglie i dal\u0161\u00edch evropsk\u00fdch zem\u00ed jako Cynthia Nixonov\u00e1, Miranda Richardson, Ben Chaplin, Peter Firth, Charlotte Rileyov\u00e1, Rupert Evans \u010di Nora von Waldst\u00e4ttenov\u00e1. <\/span><em class=\"brz-cp-color2\" style=\"background-color: transparent\">(\u010cesk\u00e1 televize)<\/em><\/p>\n<p class=\"brz-css-zlbab\" data-generated-css=\"brz-css-rxvjf\" data-uniq-id=\"alism\"><\/p>\n<\/div>\n<\/div>\n<\/div>\n<\/div>\n<\/div>\n<\/div>\n<\/div>\n<div class=\"brz-css-jpgce brz-css-piaos brz-wrapper\">\n<div class=\"brz-image brz-css-souik\"><a class=\"brz-a\" href=\"https:\/\/www.csfd.sk\/film\/299822-svet-bez-konca\" target=\"_blank\" rel=\"noopener\" data-brz-link-type=\"external\" id data-custom-id=\"knbzxrbhmmhtyhslasxilvezeomxnmpcllmu\"><img class=\"brz-img\" src=\"https:\/\/www.postopachrozpravok.sk\/cms\/wp-content\/uploads\/brizy\/imgs\/logo-red-white-140x42x0x0x140x42x1651224538.png\" alt=\"\" loading=\"lazy\" \/><\/a><\/div>\n<\/div>\n<div class=\"brz-row__container brz-css-dgqjr\" data-custom-id=\"ijcqfjkqmrcwtjxbrjewdkqnfxeljhrokilh\">\n<div class=\"brz-row brz-css-aavvl\">\n<div class=\"brz-columns brz-css-xbhjt brz-css-drfri\" data-custom-id=\"tticrrlhlwrngbwkqehmxmpsrtfdzztofbyi\">\n<div class=\"brz-column__items brz-css-axiok\">\n<div class=\"brz-css-jpgce brz-css-cwfqf brz-wrapper\">\n<div class=\"brz-rich-text brz-css-ncval\" data-custom-id=\"oqzxnazvnramjhssvwkbrwagdlcperasmcbg\">\n<div>\n<p class=\"brz-css-wywvd\" data-uniq-id=\"sgqpk\" data-generated-css=\"brz-css-qaxer\"><strong class=\"brz-cp-color2\" style=\"background-color: transparent\">Dr\u00e1ma \/ Historick\u00fd \/ Romantick\u00fd \/ Thriller<\/strong><\/p>\n<p class=\"brz-css-zwivi\" data-uniq-id=\"rplbg\" data-generated-css=\"brz-css-jmfor\"><strong class=\"brz-cp-color2\" style=\"background-color: transparent\">Kanada \/ Nemecko \/ Ve\u013ek\u00e1 Brit\u00e1nia, 2012, 6 h 31 min (Minut\u00e1\u017e: 46\u201351 min)<\/strong><\/p>\n<p class=\"brz-css-sfpfk\" data-uniq-id=\"kwzdt\" data-generated-css=\"brz-css-reuak\"><span class=\"brz-cp-color2\" style=\"background-color: transparent\">R\u00e9\u017eia: Michael Caton-Jones<\/span><\/p>\n<p class=\"brz-css-cdqdh\" data-uniq-id=\"fwlpi\" data-generated-css=\"brz-css-rqozt\"><span class=\"brz-cp-color2\" style=\"background-color: transparent\">Predloha: Ken Follett (kniha)<\/span><\/p>\n<p class=\"brz-css-xcpnb\" data-uniq-id=\"tdpbt\" data-generated-css=\"brz-css-whsnt\"><span class=\"brz-cp-color2\" style=\"background-color: transparent\">Scen\u00e1r: John Pielmeier<\/span><\/p>\n<p class=\"brz-css-oqtuu\" data-uniq-id=\"gymiv\" data-generated-css=\"brz-css-leivn\"><span class=\"brz-cp-color2\" style=\"background-color: transparent\">Kamera: Denis Crossan<\/span><\/p>\n<p class=\"brz-css-hgqlj\" data-uniq-id=\"dsydr\" data-generated-css=\"brz-css-czear\"><span class=\"brz-cp-color2\" style=\"background-color: transparent\">Hudba: Mychael Danna<\/span><\/p>\n<p class=\"brz-css-sqzti\" data-uniq-id=\"fipoh\" data-generated-css=\"brz-css-dspfo\"><span class=\"brz-cp-color2\" style=\"background-color: transparent\">Hraj\u00fa: Ben Chaplin, Charlotte Riley, Nora von Waldst\u00e4tten, Oliver Jackson-Cohen, Rupert Evans, Tom Weston-Jones, Cynthia Nixon, Tom Cullen, Blake Ritson, Sally Bankes, Neil Bell, Alexandra Gallusz, Diana Kent, Aure Atika, Tatiana Maslany, Miranda Richardson, Peter Firth, Sarah Gadon, David Bradley, Megan Follows, Kostja Ullmann, Hannes Jaenicke, Andr\u00e9 Hennicke, Attila \u00c1rpa, Kevin Moore, Indira Varma, Elinor Crawley, Dan Cade, Matt Devere, Andrew Bicknell, Carlo Rota, Iv\u00e1n Feny\u0151, Sarah Beck Mather, Oliver Maltman, Richard Durden, M\u00e1t\u00e9 Haumann, Alex Palmer, David Oakes, Duncan Bell, Jude Wright, Thomas Anton, Peter Dobr\u00edk, Victor McGuire, Caroline Boulton, David Sterne, Ian Pirie, Kevin Griffiths, Scott Alexander Young, Hera Hilmar, Antal Konr\u00e1d, Barna Illy\u00e9s, Mike Kelly, P\u00e9ter Linka, L\u00e1szl\u00f3 Borb\u00e9ly, Szilvia Pint\u00e9r, Ilona Kassai, Gyula Mesterh\u00e1zy, Andr\u00e1s \u00c1bel, Danny Scheinmann<\/span><\/p>\n<p class=\"brz-css-vfium\" data-uniq-id=\"toaco\" data-generated-css=\"brz-css-xknim\"><span class=\"brz-cp-color2\" style=\"background-color: transparent\">Produkcia: Ridley Scott, Tony Scott<\/span><\/p>\n<p class=\"brz-css-jfdne\" data-uniq-id=\"ybqye\" data-generated-css=\"brz-css-ileft\"><span class=\"brz-cp-color2\" style=\"background-color: transparent\">Strih: Istv\u00e1n Kir\u00e1ly, Susan Maggi<\/span><\/p>\n<p class=\"brz-css-cczld\" data-uniq-id=\"lwbni\" data-generated-css=\"brz-css-fgnbi\"><span class=\"brz-cp-color2\" style=\"background-color: transparent\">Sc\u00e9nografia: Marek Dobrowolski<\/span><\/p>\n<p class=\"brz-css-btvlq\" data-uniq-id=\"lbzjm\" data-generated-css=\"brz-css-ssuvl\"><span class=\"brz-cp-color2\" style=\"background-color: transparent\">Kost\u00fdmy: Mario Davignon<\/span><\/p>\n<\/div>\n<\/div>\n<\/div>\n<\/div>\n<\/div>\n<\/div>\n<\/div>\n<\/div>\n<\/div>\n<\/section>\n<section data-uid=\"tfwiuajzenxuylpzpuuzewsovzghtbihiqzj\" id=\"tfwiuajzenxuylpzpuuzewsovzghtbihiqzj\" class=\"brz-section brz-css-tdqdm\">\n<div class=\"brz-section__content brz-section--fullWidth brz-css-mtbbl brz-css-cqdso\" data-custom-id=\"hosioujeubikrargtkzqgtzybvsltppkajpu\">\n<div class=\"brz-bg\">\n<div class=\"brz-bg-color\"><\/div>\n<\/div>\n<div class=\"brz-container brz-css-rwcsp brz-css-cdmxa\">\n<div class=\"brz-row__container brz-css-dgqjr\" data-custom-id=\"ipmewuepgfejpytiizddhaowpzdrcjgwzqgh\">\n<div class=\"brz-row brz-css-aavvl brz-css-lxgmn\">\n<div class=\"brz-columns brz-css-xbhjt brz-css-vphvp\" data-custom-id=\"xslifhprfklckefneaeheiiqjvuxpqfqtims\">\n<div class=\"brz-column__items brz-css-axiok\">\n<div class=\"brz-row__container brz-css-dgqjr\" data-custom-id=\"niqqyqzzidpfyxohaluazcwsydpbjwweiulg\">\n<div class=\"brz-row brz-row--inner brz-css-aavvl brz-css-lxgmn\">\n<div class=\"brz-columns brz-css-xbhjt brz-css-atolk\" data-custom-id=\"eyexhcckvsjzqvpmdewpyvkmqpimoewcfjnt\">\n<div class=\"brz-column__items brz-css-axiok brz-css-dskps\">\n<div class=\"brz-css-jpgce brz-css-oxqok brz-wrapper\">\n<div class=\"brz-image brz-css-lqhqk\"><img class=\"brz-img\" src=\"https:\/\/www.postopachrozpravok.sk\/cms\/wp-content\/uploads\/brizy\/imgs\/stopy-biele-copy-242x220x0x0x242x219x1651158110.png\" alt=\"\" loading=\"lazy\" \/><\/div>\n<\/div>\n<\/div>\n<\/div>\n<div class=\"brz-columns brz-css-xbhjt brz-css-hzfli\" data-custom-id=\"iedmprupuyosasakakgdcdthinjotwrarvgy\">\n<div class=\"brz-column__items brz-css-axiok brz-css-eoyxw\">\n<div class=\"brz-css-jpgce brz-wrapper\">\n<div class=\"brz-rich-text brz-css-ncval\" data-custom-id=\"tyxtxsxhcevoybnmyqkhocybadljoaqwnvei\">\n<div>\n<p class=\"brz-css-kzonm\" data-uniq-id=\"lfrcr\" data-generated-css=\"brz-css-yulxe\"><span class=\"brz-cp-color7\">Oblastn\u00e1 organiz\u00e1cia cestovn\u00e9ho ruchu Regi\u00f3n HORN\u00c1 NITRA \u2013 BOJNICE<\/span><\/p>\n<p class=\"brz-css-qlane\" data-uniq-id=\"oxlmn\" data-generated-css=\"brz-css-elacq\"><span class=\"brz-cp-color7\">Sl\u00e1dkovi\u010dova ul. 210\/50, 972 01 BOJNICE<\/span><\/p>\n<\/div>\n<\/div>\n<\/div>\n<\/div>\n<\/div>\n<div class=\"brz-columns brz-css-xbhjt brz-css-cgcsd\" data-custom-id=\"ipmftjerbatihukcualprtrkicublaeslbmx\">\n<div class=\"brz-column__items brz-css-axiok\">\n<div class=\"brz-css-jpgce brz-wrapper\">\n<div class=\"brz-rich-text brz-css-ncval\" data-custom-id=\"gbhfhkfqkdpxvaqshwvoedgasuvjnoiyuann\">\n<div>\n<p class=\"brz-css-krbzb\" data-uniq-id=\"xrktq\" data-generated-css=\"brz-css-fodvv\"><span class=\"brz-cp-color7\">+421 915 701 205<\/span><\/p>\n<p class=\"brz-css-zpieg\" data-uniq-id=\"cweaw\" data-generated-css=\"brz-css-trwbk\"><span class=\"brz-cp-color7\"> info@bojnice.eu<\/span><\/p>\n<\/div>\n<\/div>\n<\/div>\n<\/div>\n<\/div>\n<\/div>\n<\/div>\n<\/div>\n<\/div>\n<\/div>\n<\/div>\n<div class=\"brz-row__container brz-css-dgqjr\" data-custom-id=\"ccolmcucsurytmboklgptouqmdodtwxdaeml\">\n<div class=\"brz-row brz-css-aavvl brz-css-lxgmn\">\n<div class=\"brz-columns brz-css-xbhjt brz-css-wrxki\" data-custom-id=\"dziwotevndlwmriftezffpeizfrykirpphmj\">\n<div class=\"brz-column__items brz-css-axiok\">\n<div class=\"brz-css-jpgce brz-wrapper\">\n<div class=\"brz-rich-text brz-css-ncval\" data-custom-id=\"ahcvmwhlgnrqrogzrgwwceyoneuetfitbeya\">\n<div>\n<p class=\"brz-css-jvrhi\" data-uniq-id=\"bmjts\" data-generated-css=\"brz-css-cruno\"><span class=\"brz-cp-color6\">Projekt &#8222;Po stop\u00e1ch rozpr\u00e1vok&#8220; bol zrealizovan\u00fd s finan\u010dnou podporou Ministerstva dopravy a v\u00fdstavby SR.<\/span><\/p>\n<p class=\"brz-css-sfdmb\" data-uniq-id=\"bmjts\" data-generated-css=\"brz-css-cruno\"><span class=\"brz-cp-color6\"><span class=\"ql-cursor\">\ufeff<\/span>\u00a9 copyright 2021 OOCR Regi\u00f3n HORN\u00c1 NITRA \u2013 BOJNICE<\/span><\/p>\n<\/div>\n<\/div>\n<\/div>\n<\/div>\n<\/div>\n<\/div>\n<\/div>\n<\/div>\n<\/div>\n<\/section>\n<\/div>\n<p><!-- version:1669640504 --><\/p>\n","protected":false},"excerpt":{"rendered":"<p>Svet bez konca Za\u010d\u00e1tek stolet\u00e9 v\u00e1lky i doba \u010dern\u00e9 smrti ve st\u00ednu pil\u00ed\u0159\u016f zem\u011b. V\u00fdpravn\u00e1 britsko-n\u011bmeck\u00e1 adaptace sv\u011btov\u00e9ho kni\u017en\u00edho bestselleru Kena Folletta. V roce 2010 vznikla v britsko-n\u011bmecko-kanadsk\u00e9 koprodukci adaptace kni\u017en\u00edho bestselleru Kena Folletta Pil\u00ed\u0159e zem\u011b. Osmid\u00edln\u00fd projekt l\u00e1kal div\u00e1ky na v\u00fdpravn\u00fd obraz st\u0159edov\u011bku, kde se na pozad\u00ed stavby katedr\u00e1ly rozv\u00edjely l\u00e1sky, pletichy, nad\u011bje i [&hellip;]<\/p>\n","protected":false},"author":1,"featured_media":0,"parent":0,"menu_order":0,"comment_status":"closed","ping_status":"closed","template":"brizy-blank-template.php","meta":{"_monsterinsights_skip_tracking":false,"_monsterinsights_sitenote_active":false,"_monsterinsights_sitenote_note":"","_monsterinsights_sitenote_category":0},"yoast_head":"<!-- This site is optimized with the Yoast SEO plugin v18.5.1 - https:\/\/yoast.com\/wordpress\/plugins\/seo\/ -->\n<title>Svet bez konca - Po stop\u00e1ch rozpr\u00e1vok<\/title>\n<meta name=\"robots\" content=\"index, follow, max-snippet:-1, max-image-preview:large, max-video-preview:-1\" \/>\n<link rel=\"canonical\" href=\"https:\/\/www.postopachrozpravok.sk\/cms\/svet-bez-konca\/\" \/>\n<meta property=\"og:locale\" content=\"sk_SK\" \/>\n<meta property=\"og:type\" content=\"article\" \/>\n<meta property=\"og:title\" content=\"Svet bez konca - Po stop\u00e1ch rozpr\u00e1vok\" \/>\n<meta property=\"og:description\" content=\"Svet bez konca Za\u010d\u00e1tek stolet\u00e9 v\u00e1lky i doba \u010dern\u00e9 smrti ve st\u00ednu pil\u00ed\u0159\u016f zem\u011b. V\u00fdpravn\u00e1 britsko-n\u011bmeck\u00e1 adaptace sv\u011btov\u00e9ho kni\u017en\u00edho bestselleru Kena Folletta. V roce 2010 vznikla v britsko-n\u011bmecko-kanadsk\u00e9 koprodukci adaptace kni\u017en\u00edho bestselleru Kena Folletta Pil\u00ed\u0159e zem\u011b. Osmid\u00edln\u00fd projekt l\u00e1kal div\u00e1ky na v\u00fdpravn\u00fd obraz st\u0159edov\u011bku, kde se na pozad\u00ed stavby katedr\u00e1ly rozv\u00edjely l\u00e1sky, pletichy, nad\u011bje i [&hellip;]\" \/>\n<meta property=\"og:url\" content=\"https:\/\/www.postopachrozpravok.sk\/cms\/svet-bez-konca\/\" \/>\n<meta property=\"og:site_name\" content=\"Po stop\u00e1ch rozpr\u00e1vok\" \/>\n<meta property=\"article:modified_time\" content=\"2022-11-28T13:01:44+00:00\" \/>\n<meta property=\"og:image\" content=\"https:\/\/www.postopachrozpravok.sk\/cms\/wp-content\/uploads\/brizy\/imgs\/Snimka-obrazovky-2022-04-29-223426-788x405x117x0x555x405x1651264576.jpg\" \/>\n<meta name=\"twitter:card\" content=\"summary_large_image\" \/>\n<script type=\"application\/ld+json\" class=\"yoast-schema-graph\">{\"@context\":\"https:\/\/schema.org\",\"@graph\":[{\"@type\":\"WebSite\",\"@id\":\"https:\/\/www.postopachrozpravok.sk\/cms\/#website\",\"url\":\"https:\/\/www.postopachrozpravok.sk\/cms\/\",\"name\":\"Po stop\u00e1ch rozpr\u00e1vok\",\"description\":\"vydajte sa po stop\u00e1ch rodinn\u00fdch filmov a rozpr\u00e1vok v Bojniciach a ich okol\u00ed!\",\"potentialAction\":[{\"@type\":\"SearchAction\",\"target\":{\"@type\":\"EntryPoint\",\"urlTemplate\":\"https:\/\/www.postopachrozpravok.sk\/cms\/?s={search_term_string}\"},\"query-input\":\"required name=search_term_string\"}],\"inLanguage\":\"sk-SK\"},{\"@type\":\"ImageObject\",\"@id\":\"https:\/\/www.postopachrozpravok.sk\/cms\/svet-bez-konca\/#primaryimage\",\"inLanguage\":\"sk-SK\",\"url\":\"https:\/\/www.postopachrozpravok.sk\/cms\/wp-content\/uploads\/brizy\/imgs\/Snimka-obrazovky-2022-04-29-223426-788x405x117x0x555x405x1651264576.jpg\",\"contentUrl\":\"https:\/\/www.postopachrozpravok.sk\/cms\/wp-content\/uploads\/brizy\/imgs\/Snimka-obrazovky-2022-04-29-223426-788x405x117x0x555x405x1651264576.jpg\"},{\"@type\":\"WebPage\",\"@id\":\"https:\/\/www.postopachrozpravok.sk\/cms\/svet-bez-konca\/#webpage\",\"url\":\"https:\/\/www.postopachrozpravok.sk\/cms\/svet-bez-konca\/\",\"name\":\"Svet bez konca - Po stop\u00e1ch rozpr\u00e1vok\",\"isPartOf\":{\"@id\":\"https:\/\/www.postopachrozpravok.sk\/cms\/#website\"},\"primaryImageOfPage\":{\"@id\":\"https:\/\/www.postopachrozpravok.sk\/cms\/svet-bez-konca\/#primaryimage\"},\"datePublished\":\"2022-04-29T20:27:12+00:00\",\"dateModified\":\"2022-11-28T13:01:44+00:00\",\"breadcrumb\":{\"@id\":\"https:\/\/www.postopachrozpravok.sk\/cms\/svet-bez-konca\/#breadcrumb\"},\"inLanguage\":\"sk-SK\",\"potentialAction\":[{\"@type\":\"ReadAction\",\"target\":[\"https:\/\/www.postopachrozpravok.sk\/cms\/svet-bez-konca\/\"]}]},{\"@type\":\"BreadcrumbList\",\"@id\":\"https:\/\/www.postopachrozpravok.sk\/cms\/svet-bez-konca\/#breadcrumb\",\"itemListElement\":[{\"@type\":\"ListItem\",\"position\":1,\"name\":\"Home\",\"item\":\"https:\/\/www.postopachrozpravok.sk\/cms\/\"},{\"@type\":\"ListItem\",\"position\":2,\"name\":\"Svet bez konca\"}]}]}<\/script>\n<!-- \/ Yoast SEO plugin. -->","yoast_head_json":{"title":"Svet bez konca - Po stop\u00e1ch rozpr\u00e1vok","robots":{"index":"index","follow":"follow","max-snippet":"max-snippet:-1","max-image-preview":"max-image-preview:large","max-video-preview":"max-video-preview:-1"},"canonical":"https:\/\/www.postopachrozpravok.sk\/cms\/svet-bez-konca\/","og_locale":"sk_SK","og_type":"article","og_title":"Svet bez konca - Po stop\u00e1ch rozpr\u00e1vok","og_description":"Svet bez konca Za\u010d\u00e1tek stolet\u00e9 v\u00e1lky i doba \u010dern\u00e9 smrti ve st\u00ednu pil\u00ed\u0159\u016f zem\u011b. V\u00fdpravn\u00e1 britsko-n\u011bmeck\u00e1 adaptace sv\u011btov\u00e9ho kni\u017en\u00edho bestselleru Kena Folletta. V roce 2010 vznikla v britsko-n\u011bmecko-kanadsk\u00e9 koprodukci adaptace kni\u017en\u00edho bestselleru Kena Folletta Pil\u00ed\u0159e zem\u011b. Osmid\u00edln\u00fd projekt l\u00e1kal div\u00e1ky na v\u00fdpravn\u00fd obraz st\u0159edov\u011bku, kde se na pozad\u00ed stavby katedr\u00e1ly rozv\u00edjely l\u00e1sky, pletichy, nad\u011bje i [&hellip;]","og_url":"https:\/\/www.postopachrozpravok.sk\/cms\/svet-bez-konca\/","og_site_name":"Po stop\u00e1ch rozpr\u00e1vok","article_modified_time":"2022-11-28T13:01:44+00:00","og_image":[{"url":"https:\/\/www.postopachrozpravok.sk\/cms\/wp-content\/uploads\/brizy\/imgs\/Snimka-obrazovky-2022-04-29-223426-788x405x117x0x555x405x1651264576.jpg"}],"twitter_card":"summary_large_image","schema":{"@context":"https:\/\/schema.org","@graph":[{"@type":"WebSite","@id":"https:\/\/www.postopachrozpravok.sk\/cms\/#website","url":"https:\/\/www.postopachrozpravok.sk\/cms\/","name":"Po stop\u00e1ch rozpr\u00e1vok","description":"vydajte sa po stop\u00e1ch rodinn\u00fdch filmov a rozpr\u00e1vok v Bojniciach a ich okol\u00ed!","potentialAction":[{"@type":"SearchAction","target":{"@type":"EntryPoint","urlTemplate":"https:\/\/www.postopachrozpravok.sk\/cms\/?s={search_term_string}"},"query-input":"required name=search_term_string"}],"inLanguage":"sk-SK"},{"@type":"ImageObject","@id":"https:\/\/www.postopachrozpravok.sk\/cms\/svet-bez-konca\/#primaryimage","inLanguage":"sk-SK","url":"https:\/\/www.postopachrozpravok.sk\/cms\/wp-content\/uploads\/brizy\/imgs\/Snimka-obrazovky-2022-04-29-223426-788x405x117x0x555x405x1651264576.jpg","contentUrl":"https:\/\/www.postopachrozpravok.sk\/cms\/wp-content\/uploads\/brizy\/imgs\/Snimka-obrazovky-2022-04-29-223426-788x405x117x0x555x405x1651264576.jpg"},{"@type":"WebPage","@id":"https:\/\/www.postopachrozpravok.sk\/cms\/svet-bez-konca\/#webpage","url":"https:\/\/www.postopachrozpravok.sk\/cms\/svet-bez-konca\/","name":"Svet bez konca - Po stop\u00e1ch rozpr\u00e1vok","isPartOf":{"@id":"https:\/\/www.postopachrozpravok.sk\/cms\/#website"},"primaryImageOfPage":{"@id":"https:\/\/www.postopachrozpravok.sk\/cms\/svet-bez-konca\/#primaryimage"},"datePublished":"2022-04-29T20:27:12+00:00","dateModified":"2022-11-28T13:01:44+00:00","breadcrumb":{"@id":"https:\/\/www.postopachrozpravok.sk\/cms\/svet-bez-konca\/#breadcrumb"},"inLanguage":"sk-SK","potentialAction":[{"@type":"ReadAction","target":["https:\/\/www.postopachrozpravok.sk\/cms\/svet-bez-konca\/"]}]},{"@type":"BreadcrumbList","@id":"https:\/\/www.postopachrozpravok.sk\/cms\/svet-bez-konca\/#breadcrumb","itemListElement":[{"@type":"ListItem","position":1,"name":"Home","item":"https:\/\/www.postopachrozpravok.sk\/cms\/"},{"@type":"ListItem","position":2,"name":"Svet bez konca"}]}]}},"_links":{"self":[{"href":"https:\/\/www.postopachrozpravok.sk\/cms\/wp-json\/wp\/v2\/pages\/2725"}],"collection":[{"href":"https:\/\/www.postopachrozpravok.sk\/cms\/wp-json\/wp\/v2\/pages"}],"about":[{"href":"https:\/\/www.postopachrozpravok.sk\/cms\/wp-json\/wp\/v2\/types\/page"}],"author":[{"embeddable":true,"href":"https:\/\/www.postopachrozpravok.sk\/cms\/wp-json\/wp\/v2\/users\/1"}],"replies":[{"embeddable":true,"href":"https:\/\/www.postopachrozpravok.sk\/cms\/wp-json\/wp\/v2\/comments?post=2725"}],"version-history":[{"count":6,"href":"https:\/\/www.postopachrozpravok.sk\/cms\/wp-json\/wp\/v2\/pages\/2725\/revisions"}],"predecessor-version":[{"id":3663,"href":"https:\/\/www.postopachrozpravok.sk\/cms\/wp-json\/wp\/v2\/pages\/2725\/revisions\/3663"}],"wp:attachment":[{"href":"https:\/\/www.postopachrozpravok.sk\/cms\/wp-json\/wp\/v2\/media?parent=2725"}],"curies":[{"name":"wp","href":"https:\/\/api.w.org\/{rel}","templated":true}]}}